{"id":105392,"date":"2021-06-01T11:39:54","date_gmt":"2021-06-01T09:39:54","guid":{"rendered":"https:\/\/hemppedia.org\/om-os\/"},"modified":"2021-06-01T11:39:55","modified_gmt":"2021-06-01T09:39:55","slug":"om-os","status":"publish","type":"page","link":"https:\/\/old.hemppedia.org\/da\/om-os\/","title":{"rendered":"Om Os"},"content":{"rendered":"\n<p>Hemppedia er et non-profit onlinemagasin baseret i Europa. Visionen bag dette initiativ er at skabe bevidsthed om og fremme de forskellige medicinske og terapeutiske egenskaber ved cannabisplanten og dens forbindelser.\u00a0\u00a0<\/p>\n\n<p>Forskellige dele af samfundet f\u00e5r stor gavn af at henvise til Hemppedia. Disse omfatter cannabisbrugere, folk, der s\u00f8ger plantebaserede l\u00e6gemidler til lindring af medicinske tilstande, studerende, der studerer CBD, forskere, journalister, fagfolk og mange flere.<\/p>\n\n<p>Hemppedia magasinet er utroligt brugervenligt. Det har fire forskellige sektioner, der d\u00e6kker FAQ&#8217;s, generelt om CBD, tilstande og sygdomme, samt rigtige CBD historier fra forskellige CBD-brugere, som kan findes rundt omkring p\u00e5 siden. H\u00e5ndplukkede og veldokumenterede emner bliver diskuteret under hvert segment, der giver kvalitet og relevant information.\u00a0<\/p>\n\n<p>Artiklerne p\u00e5 Hemppedia er skrevet af eksperter fra CBD-branchen og tager udgangspunkt i akademiske udgivelser og videnskabelige artikler for at diskutere de forskellige potentielle terapeutiske egenskaber ved cannabis.\u00a0<\/p>\n\n<p>Med denne voksende m\u00e6ngde af information og viden, anbefaler Hemppedia l\u00e6serne at tr\u00e6ffe informerede beslutninger.<\/p>\n","protected":false},"excerpt":{"rendered":"<p>Hemppedia er et non-profit onlinemagasin baseret i Europa. Visionen bag dette initiativ er at skabe bevidsthed om og fremme de forskellige medicinske og terapeutiske egenskaber ved cannabisplanten og dens forbindelser.\u00a0\u00a0 Forskellige dele af samfundet f\u00e5r stor gavn af at henvise til Hemppedia. Disse omfatter cannabisbrugere, folk, der s\u00f8ger plantebaserede l\u00e6gemidler til lindring af medicinske tilstande, [&hellip;]<\/p>\n","protected":false},"author":19,"featured_media":0,"parent":0,"menu_order":0,"comment_status":"closed","ping_status":"closed","template":"","meta":{"_lmt_disableupdate":"","_lmt_disable":"","footnotes":""},"acf":[],"_links":{"self":[{"href":"https:\/\/old.hemppedia.org\/da\/wp-json\/wp\/v2\/pages\/105392"}],"collection":[{"href":"https:\/\/old.hemppedia.org\/da\/wp-json\/wp\/v2\/pages"}],"about":[{"href":"https:\/\/old.hemppedia.org\/da\/wp-json\/wp\/v2\/types\/page"}],"author":[{"embeddable":true,"href":"https:\/\/old.hemppedia.org\/da\/wp-json\/wp\/v2\/users\/19"}],"replies":[{"embeddable":true,"href":"https:\/\/old.hemppedia.org\/da\/wp-json\/wp\/v2\/comments?post=105392"}],"version-history":[{"count":0,"href":"https:\/\/old.hemppedia.org\/da\/wp-json\/wp\/v2\/pages\/105392\/revisions"}],"wp:attachment":[{"href":"https:\/\/old.hemppedia.org\/da\/wp-json\/wp\/v2\/media?parent=105392"}],"curies":[{"name":"wp","href":"https:\/\/api.w.org\/{rel}","templated":true}]}}