{"id":78780,"date":"2019-12-02T17:48:32","date_gmt":"2019-12-02T17:48:32","guid":{"rendered":"https:\/\/hemppedia.org\/generel-ansvarsfraskrivelse\/"},"modified":"2020-06-12T07:53:59","modified_gmt":"2020-06-12T07:53:59","slug":"generel-ansvarsfraskrivelse","status":"publish","type":"page","link":"https:\/\/old.hemppedia.org\/da\/generel-ansvarsfraskrivelse\/","title":{"rendered":"Generel ansvarsfraskrivelse"},"content":{"rendered":"\n<p>Hemppedia og vores forfattere p\u00e5tager sig intet ansvar for eventuelle ulemper eller skader som f\u00f8lge af brugen af \u200b\u200bde oplysninger, der pr\u00e6senteres her.<\/p>\n\n\n\n<p>Vores tekster erstatter p\u00e5 ingen m\u00e5de professionel r\u00e5dgivning fra en l\u00e6ge eller apotek, og de m\u00e5 ikke bruges som grundlag for uafh\u00e6ngig diagnose og p\u00e5begyndelse, \u00e6ndring eller oph\u00f8r af behandling af sygdomme. Hvis du har sundhedsm\u00e6ssige sp\u00f8rgsm\u00e5l eller klager, skal du altid konsultere en l\u00e6ge, du stoler p\u00e5!<\/p>\n\n\n\n<p>Det frit tilg\u00e6ngelige indhold p\u00e5 denne hjemmeside er skabt med st\u00f8rst mulig omhu og tjener et udelukkende informativt form\u00e5l om emnet. Udbyderen af \u200b\u200bdenne hjemmeside p\u00e5tager sig intet ansvar for n\u00f8jagtigheden, aktualiteten og fuldst\u00e6ndigheden af \u200b\u200bde givne tekster og indhold. De repr\u00e6senterer ikke en anbefaling af de diagnostiske metoder, behandlinger eller l\u00e6gemidler, der er beskrevet eller n\u00e6vnt, og er ikke beregnet til at tjene som reklame.<\/p>\n","protected":false},"excerpt":{"rendered":"<p>Hemppedia og vores forfattere p\u00e5tager sig intet ansvar for eventuelle ulemper eller skader som f\u00f8lge af brugen af \u200b\u200bde oplysninger, der pr\u00e6senteres her. Vores tekster erstatter p\u00e5 ingen m\u00e5de professionel r\u00e5dgivning fra en l\u00e6ge eller apotek, og de m\u00e5 ikke bruges som grundlag for uafh\u00e6ngig diagnose og p\u00e5begyndelse, \u00e6ndring eller oph\u00f8r af behandling af sygdomme. [&hellip;]<\/p>\n","protected":false},"author":1,"featured_media":0,"parent":0,"menu_order":0,"comment_status":"closed","ping_status":"closed","template":"","meta":{"_lmt_disableupdate":"no","_lmt_disable":"","footnotes":""},"acf":[],"_links":{"self":[{"href":"https:\/\/old.hemppedia.org\/da\/wp-json\/wp\/v2\/pages\/78780"}],"collection":[{"href":"https:\/\/old.hemppedia.org\/da\/wp-json\/wp\/v2\/pages"}],"about":[{"href":"https:\/\/old.hemppedia.org\/da\/wp-json\/wp\/v2\/types\/page"}],"author":[{"embeddable":true,"href":"https:\/\/old.hemppedia.org\/da\/wp-json\/wp\/v2\/users\/1"}],"replies":[{"embeddable":true,"href":"https:\/\/old.hemppedia.org\/da\/wp-json\/wp\/v2\/comments?post=78780"}],"version-history":[{"count":0,"href":"https:\/\/old.hemppedia.org\/da\/wp-json\/wp\/v2\/pages\/78780\/revisions"}],"wp:attachment":[{"href":"https:\/\/old.hemppedia.org\/da\/wp-json\/wp\/v2\/media?parent=78780"}],"curies":[{"name":"wp","href":"https:\/\/api.w.org\/{rel}","templated":true}]}}