{"id":78784,"date":"2019-12-02T17:51:05","date_gmt":"2019-12-02T17:51:05","guid":{"rendered":"https:\/\/hemppedia.org\/allgemeiner-hinweis-zu-medizinischen-themen\/"},"modified":"2020-02-12T15:58:37","modified_gmt":"2020-02-12T15:58:37","slug":"allgemeiner-hinweis-zu-medizinischen-themen","status":"publish","type":"page","link":"https:\/\/old.hemppedia.org\/de\/allgemeiner-hinweis-zu-medizinischen-themen\/","title":{"rendered":"Allgemeiner Hinweis zu medizinischen Themen"},"content":{"rendered":"\n<p>Hemppedia und unsere Autoren \u00fcbernehmen keine Haftung f\u00fcr m\u00f6gliche Unannehmlichkeiten oder Sch\u00e4den, die sich aus der Anwendung der hier dargestellten Information ergeben.<\/p>\n\n\n\n<p>Unsere Texte ersetzen keinesfalls eine fachliche Beratung durch einen Arzt oder Apotheker und sie d\u00fcrfen nicht als Grundlage zur eigenst\u00e4ndigen Diagnose und Beginn, \u00c4nderung oder Beendigung einer Behandlung von Krankheiten verwendet werden. Bei gesundheitlichen Fragen oder Beschwerden konsultieren Sie immer einen Arzt Ihres Vertrauens!<\/p>\n\n\n\n<p>Die frei zug\u00e4nglichen Inhalte dieser Website wurden mit gr\u00f6\u00dftm\u00f6glicher Sorgfalt erstellt und dienen ausschlie\u00dflich zur Information und Weiterbildung \u00fcber das Thema. Der Anbieter dieser Website \u00fcbernimmt jedoch keine Gew\u00e4hr f\u00fcr die Richtigkeit, Aktualit\u00e4t und Vollst\u00e4ndigkeit der bereitgestellten Texte und Inhalte. Sie stellen keine Empfehlung der beschriebenen oder erw\u00e4hnten diagnostischen Methoden, Behandlungen oder Arzneimittel dar und sollen auch nicht als Werbung dienen.<\/p>\n","protected":false},"excerpt":{"rendered":"<p>Hemppedia und unsere Autoren \u00fcbernehmen keine Haftung f\u00fcr m\u00f6gliche Unannehmlichkeiten oder Sch\u00e4den, die sich aus der Anwendung der hier dargestellten Information ergeben. Unsere Texte ersetzen keinesfalls eine fachliche Beratung durch einen Arzt oder Apotheker und sie d\u00fcrfen nicht als Grundlage zur eigenst\u00e4ndigen Diagnose und Beginn, \u00c4nderung oder Beendigung einer Behandlung von Krankheiten verwendet werden. Bei [&hellip;]<\/p>\n","protected":false},"author":1,"featured_media":0,"parent":0,"menu_order":0,"comment_status":"closed","ping_status":"closed","template":"","meta":{"_lmt_disableupdate":"no","_lmt_disable":"","footnotes":""},"acf":[],"_links":{"self":[{"href":"https:\/\/old.hemppedia.org\/de\/wp-json\/wp\/v2\/pages\/78784"}],"collection":[{"href":"https:\/\/old.hemppedia.org\/de\/wp-json\/wp\/v2\/pages"}],"about":[{"href":"https:\/\/old.hemppedia.org\/de\/wp-json\/wp\/v2\/types\/page"}],"author":[{"embeddable":true,"href":"https:\/\/old.hemppedia.org\/de\/wp-json\/wp\/v2\/users\/1"}],"replies":[{"embeddable":true,"href":"https:\/\/old.hemppedia.org\/de\/wp-json\/wp\/v2\/comments?post=78784"}],"version-history":[{"count":0,"href":"https:\/\/old.hemppedia.org\/de\/wp-json\/wp\/v2\/pages\/78784\/revisions"}],"wp:attachment":[{"href":"https:\/\/old.hemppedia.org\/de\/wp-json\/wp\/v2\/media?parent=78784"}],"curies":[{"name":"wp","href":"https:\/\/api.w.org\/{rel}","templated":true}]}}