{"id":105399,"date":"2021-06-01T14:01:35","date_gmt":"2021-06-01T12:01:35","guid":{"rendered":"https:\/\/hemppedia.org\/sobre-nosotros\/"},"modified":"2021-06-01T14:01:36","modified_gmt":"2021-06-01T12:01:36","slug":"sobre-nosotros","status":"publish","type":"page","link":"https:\/\/old.hemppedia.org\/es\/sobre-nosotros\/","title":{"rendered":"Sobre nosotros"},"content":{"rendered":"\n<p>Hemppedia es una revista online sin \u00e1nimo de lucro con sede en Europa. La visi\u00f3n detr\u00e1s de esta iniciativa es crear conciencia y promover las diversas propiedades m\u00e9dicas y terap\u00e9uticas de la planta de cannabis y sus compuestos.<\/p>\n\n<p>Diferentes sectores de la sociedad se benefician de la consulta de Hemppedia. Entre ellos se encuentran consumidores de cannabis, personas que buscan medicinas a base de plantas para aliviar afecciones m\u00e9dicas, estudiantes que estudian sobre el CBD, investigadores, periodistas y profesionales, entre otros.<\/p>\n\n<p>La revista Hemppedia es muy f\u00e1cil de usar. Dispone de cuatro secciones diferentes que cubren las preguntas m\u00e1s frecuentes, b\u00e1sicos de CBD, condiciones y enfermedades e historias sobre el CBD. En cada secci\u00f3n se tratan temas seleccionados y bien documentados que proporcionan informaci\u00f3n relevante y de calidad.<\/p>\n\n<p>Los art\u00edculos est\u00e1n escritos por profesionales de la industria y toman referencias de publicaciones acad\u00e9micas y art\u00edculos acad\u00e9micos para discutir las diversas propiedades terap\u00e9uticas potenciales del cannabis.<\/p>\n\n<p>Con este creciente corpus de informaci\u00f3n y conocimientos, Hemppedia recomienda a los lectores que tomen decisiones informadas.<\/p>\n","protected":false},"excerpt":{"rendered":"<p>Hemppedia es una revista online sin \u00e1nimo de lucro con sede en Europa. La visi\u00f3n detr\u00e1s de esta iniciativa es crear conciencia y promover las diversas propiedades m\u00e9dicas y terap\u00e9uticas de la planta de cannabis y sus compuestos. Diferentes sectores de la sociedad se benefician de la consulta de Hemppedia. Entre ellos se encuentran consumidores [&hellip;]<\/p>\n","protected":false},"author":19,"featured_media":0,"parent":0,"menu_order":0,"comment_status":"closed","ping_status":"closed","template":"","meta":{"_lmt_disableupdate":"","_lmt_disable":"","footnotes":""},"acf":[],"_links":{"self":[{"href":"https:\/\/old.hemppedia.org\/es\/wp-json\/wp\/v2\/pages\/105399"}],"collection":[{"href":"https:\/\/old.hemppedia.org\/es\/wp-json\/wp\/v2\/pages"}],"about":[{"href":"https:\/\/old.hemppedia.org\/es\/wp-json\/wp\/v2\/types\/page"}],"author":[{"embeddable":true,"href":"https:\/\/old.hemppedia.org\/es\/wp-json\/wp\/v2\/users\/19"}],"replies":[{"embeddable":true,"href":"https:\/\/old.hemppedia.org\/es\/wp-json\/wp\/v2\/comments?post=105399"}],"version-history":[{"count":0,"href":"https:\/\/old.hemppedia.org\/es\/wp-json\/wp\/v2\/pages\/105399\/revisions"}],"wp:attachment":[{"href":"https:\/\/old.hemppedia.org\/es\/wp-json\/wp\/v2\/media?parent=105399"}],"curies":[{"name":"wp","href":"https:\/\/api.w.org\/{rel}","templated":true}]}}