{"id":78788,"date":"2019-12-02T17:52:33","date_gmt":"2019-12-02T17:52:33","guid":{"rendered":"https:\/\/hemppedia.org\/descargo-de-responsabilidad\/"},"modified":"2020-06-08T10:05:44","modified_gmt":"2020-06-08T10:05:44","slug":"descargo-de-responsabilidad","status":"publish","type":"page","link":"https:\/\/old.hemppedia.org\/es\/descargo-de-responsabilidad\/","title":{"rendered":"Descargo de responsabilidad"},"content":{"rendered":"\n<p>Hemppedia y nuestros autores no aceptan ninguna responsabilidad por cualquier inconveniente o da\u00f1o derivado del uso de la informaci\u00f3n aqu\u00ed presentada.<\/p>\n\n\n\n<p>Nuestros textos no sustituyen en modo alguno al asesoramiento profesional de un m\u00e9dico o farmac\u00e9utico y no pueden utilizarse como base para un diagn\u00f3stico independiente ni para el inicio, la modificaci\u00f3n o la terminaci\u00f3n del tratamiento de enfermedades. Si tiene preguntas o quejas sobre su salud, siempre consulte a un m\u00e9dico de confianza.<\/p>\n\n\n\n<p>Los contenidos de libre acceso de este sitio web han sido creados con el mayor esmero posible y tienen una finalidad exclusivamente informativa sobre el tema. Sin embargo, el proveedor de este sitio web no asume ninguna responsabilidad por la exactitud, puntualidad e integridad de los textos y contenidos proporcionados. No representan una recomendaci\u00f3n de los m\u00e9todos de diagn\u00f3stico, tratamientos o medicamentos descritos o mencionados y no tienen la intenci\u00f3n de servir como publicidad.<\/p>\n","protected":false},"excerpt":{"rendered":"<p>Hemppedia y nuestros autores no aceptan ninguna responsabilidad por cualquier inconveniente o da\u00f1o derivado del uso de la informaci\u00f3n aqu\u00ed presentada. Nuestros textos no sustituyen en modo alguno al asesoramiento profesional de un m\u00e9dico o farmac\u00e9utico y no pueden utilizarse como base para un diagn\u00f3stico independiente ni para el inicio, la modificaci\u00f3n o la terminaci\u00f3n [&hellip;]<\/p>\n","protected":false},"author":1,"featured_media":0,"parent":0,"menu_order":0,"comment_status":"closed","ping_status":"closed","template":"","meta":{"_lmt_disableupdate":"no","_lmt_disable":"","footnotes":""},"acf":[],"_links":{"self":[{"href":"https:\/\/old.hemppedia.org\/es\/wp-json\/wp\/v2\/pages\/78788"}],"collection":[{"href":"https:\/\/old.hemppedia.org\/es\/wp-json\/wp\/v2\/pages"}],"about":[{"href":"https:\/\/old.hemppedia.org\/es\/wp-json\/wp\/v2\/types\/page"}],"author":[{"embeddable":true,"href":"https:\/\/old.hemppedia.org\/es\/wp-json\/wp\/v2\/users\/1"}],"replies":[{"embeddable":true,"href":"https:\/\/old.hemppedia.org\/es\/wp-json\/wp\/v2\/comments?post=78788"}],"version-history":[{"count":0,"href":"https:\/\/old.hemppedia.org\/es\/wp-json\/wp\/v2\/pages\/78788\/revisions"}],"wp:attachment":[{"href":"https:\/\/old.hemppedia.org\/es\/wp-json\/wp\/v2\/media?parent=78788"}],"curies":[{"name":"wp","href":"https:\/\/api.w.org\/{rel}","templated":true}]}}