{"id":89316,"date":"2020-02-11T11:01:20","date_gmt":"2020-02-11T11:01:20","guid":{"rendered":"https:\/\/hemppedia.org\/condiciones-y-enfermedades\/"},"modified":"2021-09-06T14:58:00","modified_gmt":"2021-09-06T12:58:00","slug":"condiciones-y-enfermedades","status":"publish","type":"page","link":"https:\/\/old.hemppedia.org\/es\/condiciones-y-enfermedades\/","title":{"rendered":"Condiciones y Enfermedades"},"content":{"rendered":"\n<p>En los \u00faltimos a\u00f1os, investigaciones cient\u00edficas han concluido que el aceite CBD es beneficioso para el tratamiento de numerosas condiciones m\u00e9dicas y serias enfermedades.<\/p>\n<p>Basado en cientos de investigaciones y publicaciones cient\u00edficas, hemos recopilado la siguiente lista de enfermedades m\u00e9dicas en las que se ha demostrado o se ha obtenido una reacci\u00f3n positiva del uso de aceite CBD.<\/p>\n<p>Para cada afecci\u00f3n, hemos escrito un art\u00edculo individual, resumiendo los resultados de los estudios realizados hasta la fecha.<\/p>\n<div class=\"row\"><div class=\"column col-third\"><\/p>\n<h3>&nbsp;A<\/h3>\n<ul>\n<li><a href=\"https:\/f\/hemppedia.org\/es\/cbd-acne-cicatrizacion\/\" target=\"_blank\">Acn\u00e9 y cicatrizaci\u00f3n<\/a><\/li>\n<li><a href=\"https:\/\/hemppedia.org\/es\/cbd-para-la-adiccion\/\" target=\"_blank\" rel=\"noopener\">Adicci\u00f3n<\/a><\/li>\n<li><a href=\"https:\/\/hemppedia.org\/es\/cbd-para-la-enfermedad-de-alzheimer\/\" target=\"_blank\" rel=\"noopener\">Alzheimer<\/a><\/li>\n<li><a href=\"https:\/\/hemppedia.org\/es\/cbd-contra-la-ansiedad\/\" target=\"_blank\" rel=\"noopener\">Ansiedad<\/a><\/li>\n<li><a href=\"https:\/\/hemppedia.org\/es\/cbd-para-la-artritis-reumatoide\/\" target=\"_blank\" rel=\"noopener\">Artritis Reumatoide<\/a><\/li>\n<li><a href=\"https:\/\/hemppedia.org\/es\/cbd-para-el-asma\/\" target=\"_blank\" rel=\"noopener\">Asma<\/a><\/li>\n<li><a href=\"https:\/\/hemppedia.org\/es\/cbd-para-el-autismo\/\" target=\"_blank\" rel=\"noopener\">Autismo<\/a><\/li>\n<\/ul>\n<h3>C<\/h3>\n<ul>\n<li><a href=\"https:\/\/hemppedia.org\/es\/cannabis-para-el-cancer\/\" target=\"_blank\" rel=\"noopener\">C\u00e1ncer<\/a><\/li>\n<\/ul>\n<h3>D<\/h3>\n<ul>\n<li><a href=\"https:\/\/hemppedia.org\/es\/cbd-para-la-depresion\/\" target=\"_blank\" rel=\"noopener\">Depresi\u00f3n<\/a><\/li>\n<li><a href=\"https:\/\/hemppedia.org\/es\/cbd-para-la-diabetes\/\" target=\"_blank\" rel=\"noopener\">Diabetes<\/a><\/li>\n<li><a href=\"https:\/\/hemppedia.org\/es\/cbd-para-el-dolor-cronico\/\" target=\"_blank\" rel=\"noopener\">Dolor cr\u00f3nico<\/a><\/li>\n<\/ul>\n<h3>E<\/h3>\n<ul>\n<li><a href=\"https:\/\/hemppedia.org\/es\/cbd-para-la-enfermedad-de-crohn\/\" target=\"_blank\" rel=\"noopener\">Enfermedad de Crohn<\/a><\/li>\n<li><a href=\"https:\/\/hemppedia.org\/es\/cbd-enfermedad-lyme\/\" target=\"_blank\" rel=\"noopener\">Enfermedad de Lyme<\/a><\/li>\n<li><a href=\"https:\/\/hemppedia.org\/es\/cbd-contra-la-epilepsia\/\" target=\"_blank\" rel=\"noopener\">Epilepsia<\/a><\/li>\n<li><a href=\"https:\/\/hemppedia.org\/es\/cbd-para-la-ela-esclerosis-lateral-amiotrofica\/\" target=\"_blank\" rel=\"noopener\">Esclerosis Lateral Amiotr\u00f3fica (ELA)<\/a><\/li>\n<li><a href=\"https:\/\/hemppedia.org\/es\/el-cbd-contra-la-esclerosis-multiple-em\/\" target=\"_blank\" rel=\"noopener\">Esclerosis M\u00faltiple (EM)<\/a><\/li>\n<\/ul>\n<p><\/div><div class=\"column col-third\"><\/p>\n<h3>F<\/h3>\n<ul>\n<li><a href=\"https:\/\/hemppedia.org\/es\/cbd-contra-la-fibromialgia\/\" target=\"_blank\" rel=\"noopener\">Fibromialgia<\/a><\/li>\n<\/ul>\n<h3>G<\/h3>\n<ul>\n<li><a href=\"https:\/\/hemppedia.org\/es\/cbd-para-el-glaucoma\/\" target=\"_blank\" rel=\"noopener\">Glaucoma<\/a><\/li>\n<\/ul>\n<h3>H<\/h3>\n<ul>\n<li><a href=\"https:\/\/hemppedia.org\/es\/cbd-para-la-hepatitis\/\" target=\"_blank\" rel=\"noopener\">Hepatitis<\/a><\/li>\n<\/ul>\n<h3>I<\/h3>\n<ul>\n<li><a href=\"https:\/\/hemppedia.org\/es\/cbd-para-el-insomnio\/\" target=\"_blank\" rel=\"noopener\">Insomnio<\/a><\/li>\n<\/ul>\n<h3>M<\/h3>\n<ul>\n<li><a href=\"https:\/\/hemppedia.org\/es\/cbd-para-la-menopausia\/\" target=\"_blank\" rel=\"noopener\">Menopausia<\/a><\/li>\n<li><a href=\"https:\/\/hemppedia.org\/es\/cbd-para-las-migranas\/\" target=\"_blank\" rel=\"noopener\">Migra\u00f1as<\/a><\/li>\n<\/ul>\n<h3>O<\/h3>\n<ul>\n<li><a href=\"https:\/\/hemppedia.org\/es\/cbd-para-la-osteoporosis\/\" target=\"_blank\" rel=\"noopener\">Osteoporosis<\/a><\/li>\n<\/ul>\n<p><\/div><div class=\"column col-third\"><\/p>\n<h3>P<\/h3>\n<ul>\n<li><a href=\"https:\/\/hemppedia.org\/es\/cbd-para-la-enfermedad-de-parkinson\/\" target=\"_blank\" rel=\"noopener\">Parkinson<\/a><\/li>\n<li><a href=\"https:\/\/hemppedia.org\/es\/cbd-prevenir-enfermedades\/\" target=\"_blank\" rel=\"noopener\">Prevenir enfermedades<\/a><\/li>\n<li><a href=\"https:\/\/hemppedia.org\/es\/cbd-contra-la-psoriasis\/\" target=\"_blank\" rel=\"noopener\">Psoriasis<\/a><\/li>\n<\/ul>\n<h3>S<\/h3>\n<ul>\n<li><a href=\"https:\/\/hemppedia.org\/es\/cbd-para-el-sindrome-del-ovario-poliquistico-sopq\/\" target=\"_blank\" rel=\"noopener\">S\u00edndrome del Ovario Poliqu\u00edstico (SOPQ)<\/a><\/li>\n<li><a href=\"https:\/\/hemppedia.org\/es\/cbd-tratamiento-natural-sindrome-piernas-inquietas\/\" target=\"_blank\" rel=\"noopener\">S\u00edndrome de Piernas Inquietas (SPI)<\/a><\/li>\n<li><a href=\"https:\/\/hemppedia.org\/es\/cbd-sistema-cardiovascular\/\" target=\"_blank\" rel=\"noopener\">Sistema cardiovascular<\/a><\/li>\n<\/ul>\n<h3>T<\/h3>\n<ul>\n<li><a href=\"https:\/\/hemppedia.org\/es\/cbd-para-el-tda-y-el-tdah\/\" target=\"_blank\" rel=\"noopener\">Trastorno por D\u00e9ficit de Atenci\u00f3n (TDA) y el Trastorno por D\u00e9ficit de Atenci\u00f3n e Hiperactividad (TDAH)<\/a><\/li>\n<li><a href=\"https:\/\/hemppedia.org\/es\/cbd-contra-el-ptsd-trastorno-de-estres-postraumatico\/\" target=\"_blank\" rel=\"noopener\">Trastorno por Estr\u00e9s Postraum\u00e1tico (TEPT)<\/a><\/li>\n<li><a href=\"https:\/\/hemppedia.org\/es\/cbd-trastornos-tiroides\/\" target=\"_blank\" rel=\"noopener\">Trastornos de la tiroides<\/a><\/li>\n<\/ul>\n<p><\/div><\/div>\n","protected":false},"excerpt":{"rendered":"<p>En los \u00faltimos a\u00f1os, investigaciones cient\u00edficas han concluido que el aceite CBD es beneficioso para el tratamiento de numerosas condiciones m\u00e9dicas y serias enfermedades. Basado en cientos de investigaciones y publicaciones cient\u00edficas, hemos recopilado la siguiente lista de enfermedades m\u00e9dicas en las que se ha demostrado o se ha obtenido una reacci\u00f3n positiva del uso [&hellip;]<\/p>\n","protected":false},"author":1,"featured_media":0,"parent":0,"menu_order":0,"comment_status":"closed","ping_status":"closed","template":"","meta":{"_lmt_disableupdate":"no","_lmt_disable":"","footnotes":""},"acf":[],"_links":{"self":[{"href":"https:\/\/old.hemppedia.org\/es\/wp-json\/wp\/v2\/pages\/89316"}],"collection":[{"href":"https:\/\/old.hemppedia.org\/es\/wp-json\/wp\/v2\/pages"}],"about":[{"href":"https:\/\/old.hemppedia.org\/es\/wp-json\/wp\/v2\/types\/page"}],"author":[{"embeddable":true,"href":"https:\/\/old.hemppedia.org\/es\/wp-json\/wp\/v2\/users\/1"}],"replies":[{"embeddable":true,"href":"https:\/\/old.hemppedia.org\/es\/wp-json\/wp\/v2\/comments?post=89316"}],"version-history":[{"count":1,"href":"https:\/\/old.hemppedia.org\/es\/wp-json\/wp\/v2\/pages\/89316\/revisions"}],"predecessor-version":[{"id":109979,"href":"https:\/\/old.hemppedia.org\/es\/wp-json\/wp\/v2\/pages\/89316\/revisions\/109979"}],"wp:attachment":[{"href":"https:\/\/old.hemppedia.org\/es\/wp-json\/wp\/v2\/media?parent=89316"}],"curies":[{"name":"wp","href":"https:\/\/api.w.org\/{rel}","templated":true}]}}