{"id":85734,"date":"2020-01-15T12:10:22","date_gmt":"2020-01-15T12:10:22","guid":{"rendered":"https:\/\/hemppedia.org\/yleinen-vastuuvapauslauseke\/"},"modified":"2020-02-13T11:30:26","modified_gmt":"2020-02-13T11:30:26","slug":"yleinen-vastuuvapauslauseke","status":"publish","type":"page","link":"https:\/\/old.hemppedia.org\/fi\/yleinen-vastuuvapauslauseke\/","title":{"rendered":"Yleinen vastuuvapauslauseke"},"content":{"rendered":"\n<p>Hemppedia ja kirjoittajat eiv\u00e4t vastaa mist\u00e4\u00e4n haitoista tai vahingoista, jotka aiheutuvat t\u00e4ss\u00e4 esitettyjen tietojen k\u00e4yt\u00f6st\u00e4.<\/p>\n\n\n\n<p>Tekstimme eiv\u00e4t mill\u00e4\u00e4n tavoin korvaa l\u00e4\u00e4k\u00e4rin tai apteekin ammattilaisten neuvoja, eik\u00e4 niit\u00e4 saa k\u00e4ytt\u00e4\u00e4 perustana riippumattomalle diagnoosille ja sairauksien hoidon aloittamiselle, muuttamiselle tai lopettamiselle. Jos sinulla on kysymyksi\u00e4 tai ep\u00e4ilyksi\u00e4 terveydest\u00e4, ota aina yhteytt\u00e4 luotettavaan l\u00e4\u00e4k\u00e4riin!<\/p>\n\n\n\n<p>T\u00e4m\u00e4n verkkosivuston vapaasti saatavilla oleva sis\u00e4lt\u00f6 on luotu mahdollisimman huolellisesti ja se palvelee aiheen yksinomaista informaatiotarkoitusta. T\u00e4m\u00e4n verkkosivuston tarjoaja ei kuitenkaan ole vastuussa annettujen tekstien ja sis\u00e4ll\u00f6n oikeellisuudesta, ajantasaisuudesta ja t\u00e4ydellisyydest\u00e4. Ne eiv\u00e4t ole suositus kuvatuista tai mainituista diagnoosimenetelmist\u00e4, hoidoista tai l\u00e4\u00e4kkeist\u00e4, eik\u00e4 niit\u00e4 ole tarkoitettu k\u00e4ytett\u00e4v\u00e4ksi mainonnassa.<\/p>\n","protected":false},"excerpt":{"rendered":"<p>Hemppedia ja kirjoittajat eiv\u00e4t vastaa mist\u00e4\u00e4n haitoista tai vahingoista, jotka aiheutuvat t\u00e4ss\u00e4 esitettyjen tietojen k\u00e4yt\u00f6st\u00e4. Tekstimme eiv\u00e4t mill\u00e4\u00e4n tavoin korvaa l\u00e4\u00e4k\u00e4rin tai apteekin ammattilaisten neuvoja, eik\u00e4 niit\u00e4 saa k\u00e4ytt\u00e4\u00e4 perustana riippumattomalle diagnoosille ja sairauksien hoidon aloittamiselle, muuttamiselle tai lopettamiselle. Jos sinulla on kysymyksi\u00e4 tai ep\u00e4ilyksi\u00e4 terveydest\u00e4, ota aina yhteytt\u00e4 luotettavaan l\u00e4\u00e4k\u00e4riin! T\u00e4m\u00e4n verkkosivuston vapaasti saatavilla [&hellip;]<\/p>\n","protected":false},"author":1,"featured_media":0,"parent":0,"menu_order":0,"comment_status":"closed","ping_status":"closed","template":"","meta":{"_lmt_disableupdate":"no","_lmt_disable":"","footnotes":""},"acf":[],"_links":{"self":[{"href":"https:\/\/old.hemppedia.org\/fi\/wp-json\/wp\/v2\/pages\/85734"}],"collection":[{"href":"https:\/\/old.hemppedia.org\/fi\/wp-json\/wp\/v2\/pages"}],"about":[{"href":"https:\/\/old.hemppedia.org\/fi\/wp-json\/wp\/v2\/types\/page"}],"author":[{"embeddable":true,"href":"https:\/\/old.hemppedia.org\/fi\/wp-json\/wp\/v2\/users\/1"}],"replies":[{"embeddable":true,"href":"https:\/\/old.hemppedia.org\/fi\/wp-json\/wp\/v2\/comments?post=85734"}],"version-history":[{"count":0,"href":"https:\/\/old.hemppedia.org\/fi\/wp-json\/wp\/v2\/pages\/85734\/revisions"}],"wp:attachment":[{"href":"https:\/\/old.hemppedia.org\/fi\/wp-json\/wp\/v2\/media?parent=85734"}],"curies":[{"name":"wp","href":"https:\/\/api.w.org\/{rel}","templated":true}]}}