{"id":105401,"date":"2021-06-01T14:12:55","date_gmt":"2021-06-01T12:12:55","guid":{"rendered":"https:\/\/hemppedia.org\/a-propos-de-nous\/"},"modified":"2021-06-01T14:12:55","modified_gmt":"2021-06-01T12:12:55","slug":"a-propos-de-nous","status":"publish","type":"page","link":"https:\/\/old.hemppedia.org\/fr\/a-propos-de-nous\/","title":{"rendered":"A propos de nous"},"content":{"rendered":"\n<p>Hemppedia est un magazine en ligne \u00e0 but non lucratif bas\u00e9 en Europe. L&#8217;objectif de cette initiative est de sensibiliser et de promouvoir les diverses propri\u00e9t\u00e9s m\u00e9dicinales et th\u00e9rapeutiques de la plante de cannabis, et de ses compos\u00e9s.<\/p>\n\n<p>De nombreuses personnes de tous horizons consultent Hemppedia, notamment des utilisateurs de cannabis, des personnes \u00e0 la recherche d&#8217;informations sur le chanvre et ses compos\u00e9s, des personnes qui recherchent des m\u00e9dicaments \u00e0 base de plantes pour soulager leurs probl\u00e8mes de sant\u00e9, des \u00e9tudiants dans le secteur du chanvre ou des cannabino\u00efdes, des chercheurs, des journalistes, des professionnels, etc.<\/p>\n\n<p>Le magazine Hemppedia est tr\u00e8s facile \u00e0 consulter. Il comporte quatre sections diff\u00e9rentes : FAQ, L&#8217;essentiel sur le CBD, Conditions et maladies, et T\u00e9moignages autour du CBD. Des sujets pr\u00e9cis, bien document\u00e9s et de qualit\u00e9 sont abord\u00e9s dans chaque section.<\/p>\n\n<p>Les articles sont r\u00e9dig\u00e9s par des professionnels du secteur et s&#8217;appuient sur des publications universitaires et des articles scientifiques pour discuter des diverses propri\u00e9t\u00e9s th\u00e9rapeutiques potentielles du cannabis.<\/p>\n\n<p>Avec ce corpus croissant d&#8217;informations et de connaissances \u00e0 disposition, Hemppedia encourage les lecteurs \u00e0 prendre des d\u00e9cisions en toute connaissance de cause. <\/p>\n","protected":false},"excerpt":{"rendered":"<p>Hemppedia est un magazine en ligne \u00e0 but non lucratif bas\u00e9 en Europe. L&#8217;objectif de cette initiative est de sensibiliser et de promouvoir les diverses propri\u00e9t\u00e9s m\u00e9dicinales et th\u00e9rapeutiques de la plante de cannabis, et de ses compos\u00e9s. De nombreuses personnes de tous horizons consultent Hemppedia, notamment des utilisateurs de cannabis, des personnes \u00e0 la [&hellip;]<\/p>\n","protected":false},"author":19,"featured_media":0,"parent":0,"menu_order":0,"comment_status":"closed","ping_status":"closed","template":"","meta":{"_lmt_disableupdate":"","_lmt_disable":"","footnotes":""},"acf":[],"_links":{"self":[{"href":"https:\/\/old.hemppedia.org\/fr\/wp-json\/wp\/v2\/pages\/105401"}],"collection":[{"href":"https:\/\/old.hemppedia.org\/fr\/wp-json\/wp\/v2\/pages"}],"about":[{"href":"https:\/\/old.hemppedia.org\/fr\/wp-json\/wp\/v2\/types\/page"}],"author":[{"embeddable":true,"href":"https:\/\/old.hemppedia.org\/fr\/wp-json\/wp\/v2\/users\/19"}],"replies":[{"embeddable":true,"href":"https:\/\/old.hemppedia.org\/fr\/wp-json\/wp\/v2\/comments?post=105401"}],"version-history":[{"count":0,"href":"https:\/\/old.hemppedia.org\/fr\/wp-json\/wp\/v2\/pages\/105401\/revisions"}],"wp:attachment":[{"href":"https:\/\/old.hemppedia.org\/fr\/wp-json\/wp\/v2\/media?parent=105401"}],"curies":[{"name":"wp","href":"https:\/\/api.w.org\/{rel}","templated":true}]}}