{"id":78790,"date":"2019-12-02T17:53:40","date_gmt":"2019-12-02T17:53:40","guid":{"rendered":"https:\/\/hemppedia.org\/clause-de-non-responsabilite\/"},"modified":"2020-02-24T14:12:55","modified_gmt":"2020-02-24T14:12:55","slug":"clause-de-non-responsabilite","status":"publish","type":"page","link":"https:\/\/old.hemppedia.org\/fr\/clause-de-non-responsabilite\/","title":{"rendered":"Clause de non-responsabilit\u00e9"},"content":{"rendered":"\n<p>Hemppedia et ses auteurs d\u00e9clinent toute responsabilit\u00e9 concernant tout inconv\u00e9nient ou probl\u00e8me r\u00e9sultant de l&#8217;utilisation des informations pr\u00e9sent\u00e9es ici.<\/p>\n\n\n\n<p>Nos textes ne remplacent en aucun cas les conseils d&#8217;un m\u00e9decin ou d&#8217;un pharmacien et ne peuvent servir de base \u00e0 un diagnostic ind\u00e9pendant et au commencement, \u00e0 la modification ou \u00e0 l&#8217;arr\u00eat d&#8217;un traitement m\u00e9dical. Si vous avez des questions sur votre sant\u00e9, ou des inqui\u00e9tudes, consultez toujours un m\u00e9decin en qui vous avez confiance !<\/p>\n\n\n\n<p>Le contenu librement accessible de ce site a \u00e9t\u00e9 cr\u00e9\u00e9 avec le plus grand soin et sert exclusivement \u00e0 des fins d&#8217;information. Ainsi, le responsable de ce site n&#8217;assume aucune responsabilit\u00e9 quant \u00e0 l&#8217;exactitude, l&#8217;actualit\u00e9 et l&#8217;exhaustivit\u00e9 des textes et contenus fournis. Ils ne constituent pas non plus une recommandation des m\u00e9thodes de diagnostic. Les traitements et m\u00e9dicaments d\u00e9crits ou mentionn\u00e9s dans les articles ne sont pas destin\u00e9s \u00e0 servir de publicit\u00e9.<\/p>\n","protected":false},"excerpt":{"rendered":"<p>Hemppedia et ses auteurs d\u00e9clinent toute responsabilit\u00e9 concernant tout inconv\u00e9nient ou probl\u00e8me r\u00e9sultant de l&#8217;utilisation des informations pr\u00e9sent\u00e9es ici. Nos textes ne remplacent en aucun cas les conseils d&#8217;un m\u00e9decin ou d&#8217;un pharmacien et ne peuvent servir de base \u00e0 un diagnostic ind\u00e9pendant et au commencement, \u00e0 la modification ou \u00e0 l&#8217;arr\u00eat d&#8217;un traitement m\u00e9dical. [&hellip;]<\/p>\n","protected":false},"author":1,"featured_media":0,"parent":0,"menu_order":0,"comment_status":"closed","ping_status":"closed","template":"","meta":{"_lmt_disableupdate":"no","_lmt_disable":"","footnotes":""},"acf":[],"_links":{"self":[{"href":"https:\/\/old.hemppedia.org\/fr\/wp-json\/wp\/v2\/pages\/78790"}],"collection":[{"href":"https:\/\/old.hemppedia.org\/fr\/wp-json\/wp\/v2\/pages"}],"about":[{"href":"https:\/\/old.hemppedia.org\/fr\/wp-json\/wp\/v2\/types\/page"}],"author":[{"embeddable":true,"href":"https:\/\/old.hemppedia.org\/fr\/wp-json\/wp\/v2\/users\/1"}],"replies":[{"embeddable":true,"href":"https:\/\/old.hemppedia.org\/fr\/wp-json\/wp\/v2\/comments?post=78790"}],"version-history":[{"count":0,"href":"https:\/\/old.hemppedia.org\/fr\/wp-json\/wp\/v2\/pages\/78790\/revisions"}],"wp:attachment":[{"href":"https:\/\/old.hemppedia.org\/fr\/wp-json\/wp\/v2\/media?parent=78790"}],"curies":[{"name":"wp","href":"https:\/\/api.w.org\/{rel}","templated":true}]}}