{"id":89314,"date":"2020-02-11T11:00:43","date_gmt":"2020-02-11T11:00:43","guid":{"rendered":"https:\/\/hemppedia.org\/problemes-de-sante-et-maladies\/"},"modified":"2020-02-24T15:14:04","modified_gmt":"2020-02-24T15:14:04","slug":"problemes-de-sante-et-maladies","status":"publish","type":"page","link":"https:\/\/old.hemppedia.org\/fr\/problemes-de-sante-et-maladies\/","title":{"rendered":"Probl\u00e8mes de sant\u00e9 et maladies"},"content":{"rendered":"\n<p>Ces derni\u00e8res ann\u00e9es, les recherches scientifiques ont permis de conclure que le CBD est efficace pour le traitement de nombreux probl\u00e8mes de sant\u00e9 et maladies.<\/p>\n<p>Apr\u00e8s l&#8217;\u00e9tude d&#8217;une centaines d&#8217;articles de recherche et d&#8217;articles scientifiques, nous avons pu dresser la liste suivante des probl\u00e8mes de sant\u00e9 qui ont ou aurait une r\u00e9action positive \u00e0 l&#8217;utilisation du CBD.<\/p>\n<p>Pour chaque probl\u00e8me de sant\u00e9, un article sp\u00e9cifique a \u00e9t\u00e9 r\u00e9dig\u00e9 pour r\u00e9sumer les r\u00e9sultats des \u00e9tudes disponibles.<\/p>\n<div class=\"row\"><div class=\"column col-third\"><\/p>\n<h2>A<\/h2>\n<ul>\n<li><a href=\"https:\/\/hemppedia.org\/fr\/cbd-pour-animaux-de-compagnie\/\" target=\"_blank\" rel=\"noopener\">Animaux<\/a><\/li>\n<li><a href=\"https:\/\/hemppedia.org\/fr\/cbd-contre-les-addictions\/\" target=\"_blank\" rel=\"noopener\">Addictions<\/a><\/li>\n<li><a href=\"https:\/\/hemppedia.org\/fr\/cbd-pour-lanxiete\/\" target=\"_blank\" rel=\"noopener\">Anxi\u00e9t\u00e9<\/a><\/li>\n<li><a href=\"https:\/\/hemppedia.org\/fr\/cbd-pour-la-maladie-dalzheimer\/\" target=\"_blank\" rel=\"noopener\">Alzheimer<\/a><\/li>\n<li><a href=\"https:\/\/hemppedia.org\/fr\/cbd-contre-lasthme\/\" target=\"_blank\" rel=\"noopener\">Asthme<\/a><\/li>\n<li><a href=\"https:\/\/hemppedia.org\/fr\/cbd-pour-lautisme\/\" target=\"_blank\" rel=\"noopener\">Autisme<\/a><\/li>\n<li><a href=\"https:\/\/hemppedia.org\/fr\/cbd-contre-larthrite-rhumatoide\/\" target=\"_blank\" rel=\"noopener\">Arthrite<\/a><\/li>\n<li><a href=\"https:\/\/hemppedia.org\/fr\/cbd-contre-le-trouble-temporo-mandibulaire\/\" target=\"_blank\" rel=\"noopener\">ATM<\/a><\/li>\n<li><a href=\"https:\/\/hemppedia.org\/fr\/cbd-contre-lacne-et-les-cicatrices\/\" target=\"_blank\" rel=\"noopener\">Acn\u00e9<\/a><\/li>\n<\/ul>\n<h2>B<\/h2>\n<ul>\n<li><a href=\"https:\/\/hemppedia.org\/fr\/cbd-contre-lacne-et-les-cicatrices\/\" target=\"_blank\" rel=\"noopener\">Boutons<\/a><\/li>\n<li><a href=\"https:\/\/hemppedia.org\/fr\/cbd-contre-la-maladie-pulmonaire-obstructive-chronique\/\" target=\"_blank\" rel=\"noopener\">Bronchite chronique<\/a><\/li>\n<\/ul>\n<h2>C<\/h2>\n<ul>\n<li><a href=\"https:\/\/hemppedia.org\/fr\/cbd-pour-le-cancer\/\" target=\"_blank\" rel=\"noopener\">Cancer<\/a><\/li>\n<li><a href=\"https:\/\/hemppedia.org\/fr\/cbd-contre-la-maladie-de-crohn\/\" target=\"_blank\" rel=\"noopener\">Crohn<\/a><\/li>\n<li><a href=\"https:\/\/hemppedia.org\/fr\/cbd-contre-lacne-et-les-cicatrices\/\" target=\"_blank\" rel=\"noopener\">Cicatrices d&#8217;acn\u00e9<\/a><\/li>\n<\/ul>\n<h2>D<\/h2>\n<ul>\n<li><a href=\"https:\/\/hemppedia.org\/fr\/cbd-contre-la-depression\/\" target=\"_blank\" rel=\"noopener\">D\u00e9pression<\/a><\/li>\n<li><a href=\"https:\/\/hemppedia.org\/fr\/cbd-pour-les-douleurs-chroniques\/\" target=\"_blank\" rel=\"noopener\">Douleurs chroniques<\/a><\/li>\n<li><a href=\"https:\/\/hemppedia.org\/fr\/cbd-pour-le-diabete\/\" target=\"_blank\" rel=\"noopener\">Diab\u00e8te<\/a><\/li>\n<li><a href=\"https:\/\/hemppedia.org\/fr\/cbd-contre-le-syndrome-premenstruel\/\" target=\"_blank\" rel=\"noopener\">Dysm\u00e9norrh\u00e9e&nbsp;<\/a><\/li>\n<li><a href=\"https:\/\/hemppedia.org\/fr\/cbd-contre-le-trouble-temporo-mandibulaire\/\" target=\"_blank\" rel=\"noopener\">Douleurs \u00e0 la m\u00e2choire<\/a><\/li>\n<li><a href=\"https:\/\/hemppedia.org\/fr\/le-cbd-est-il-un-relaxant-musculaire\/\" target=\"_blank\" rel=\"noopener\">Douleurs musculaires<\/a><\/li>\n<li><a href=\"https:\/\/hemppedia.org\/fr\/cbd-contre-l-endometriose\/\" target=\"_blank\" rel=\"noopener\">Douleurs de l&#8217;endom\u00e9triose<\/a><\/li>\n<\/ul>\n<h2>E<\/h2>\n<ul>\n<li><a href=\"https:\/\/hemppedia.org\/fr\/cbd-contre-lepilepsie\/\" target=\"_blank\" rel=\"noopener\">Epilepsie<\/a><\/li>\n<li><a href=\"https:\/\/hemppedia.org\/fr\/cbd-contre-la-maladie-pulmonaire-obstructive-chronique\/\" target=\"_blank\" rel=\"noopener\">Emphys\u00e8me<\/a><\/li>\n<li><a href=\"https:\/\/hemppedia.org\/fr\/cbd-contre-l-endometriose\/\" target=\"_blank\" rel=\"noopener\">Endom\u00e9triose<\/a><\/li>\n<\/ul>\n<p><\/div><div class=\"column col-third\"><\/p>\n<h2>F<\/h2>\n<ul>\n<li><a href=\"https:\/\/hemppedia.org\/fr\/cbd-pour-la-fibromyalgie\/\" target=\"_blank\" rel=\"noopener\">Fibromyalgie<\/a><\/li>\n<\/ul>\n<h2>G<\/h2>\n<ul>\n<li><a href=\"https:\/\/hemppedia.org\/fr\/cbd-contre-le-glaucome\/\" target=\"_blank\" rel=\"noopener\">Glaucome<\/a><\/li>\n<li><a href=\"https:\/\/hemppedia.org\/fr\/cbd-et-maternite\/\" target=\"_blank\" rel=\"noopener\">Grossesse<\/a><\/li>\n<\/ul>\n<h2>H<\/h2>\n<ul>\n<li><a href=\"https:\/\/hemppedia.org\/fr\/cbd-contre-lhepatite\/\" target=\"_blank\" rel=\"noopener\">H\u00e9patite<\/a><\/li>\n<li><a href=\"https:\/\/hemppedia.org\/fr\/cbd-contre-les-troubles-de-la-thyroide\/\" target=\"_blank\" rel=\"noopener\">Hyperthyro\u00efdie<\/a><\/li>\n<li><a href=\"https:\/\/hemppedia.org\/fr\/cbd-contre-les-troubles-de-la-thyroide\/\" target=\"_blank\" rel=\"noopener\">Hypothyro\u00efdie<\/a><\/li>\n<\/ul>\n<h2>I<\/h2>\n<ul>\n<li><a href=\"https:\/\/hemppedia.org\/fr\/cbd-contre-linsomnie\/\" target=\"_blank\" rel=\"noopener\">Insomnie<\/a><\/li>\n<\/ul>\n<h2>J<\/h2>\n<ul>\n<li><a href=\"https:\/\/hemppedia.org\/fr\/cbd-contre-le-syndrome-des-jambes-sans-repos\/\" target=\"_blank\" rel=\"noopener\">Jambes sans repos<\/a><\/li>\n<\/ul>\n<h2>L<\/h2>\n<ul>\n<li><a href=\"https:\/\/hemppedia.org\/fr\/cbd-contre-la-maladie-de-lyme\/\" target=\"_blank\" rel=\"noopener\">Lyme<\/a><\/li>\n<\/ul>\n<h2>M<\/h2>\n<ul>\n<li><a href=\"https:\/\/hemppedia.org\/fr\/cbd-et-maternite\/\" target=\"_blank\" rel=\"noopener\">Maternit\u00e9<\/a><\/li>\n<li><a href=\"https:\/\/hemppedia.org\/fr\/cbd-contre-la-menopause\/\" target=\"_blank\" rel=\"noopener\">M\u00e9nopause<\/a><\/li>\n<li><a href=\"https:\/\/hemppedia.org\/fr\/cbd-contre-les-migraines\/\" target=\"_blank\" rel=\"noopener\">Migraines<\/a><\/li>\n<li><a href=\"https:\/\/hemppedia.org\/fr\/cbd-contre-la-maladie-de-crohn\/\" target=\"_blank\" rel=\"noopener\">Maladie de Crohn<\/a><\/li>\n<li><a href=\"https:\/\/hemppedia.org\/fr\/cbd-contre-la-maladie-de-lyme\/\" target=\"_blank\" rel=\"noopener\">Maladie de Lyme<\/a><\/li>\n<li><a href=\"https:\/\/hemppedia.org\/fr\/cbd-contre-le-syndrome-premenstruel\/\" target=\"_blank\" rel=\"noopener\">Menstruations douloureuses<\/a><\/li>\n<li><a href=\"https:\/\/hemppedia.org\/fr\/cbd-contre-le-trouble-temporo-mandibulaire\/\" target=\"_blank\" rel=\"noopener\">M\u00e2choire douloureuse<\/a><\/li>\n<li><a href=\"https:\/\/hemppedia.org\/fr\/cbd-contre-la-maladie-pulmonaire-obstructive-chronique\/\" target=\"_blank\" rel=\"noopener\">Maladie pulmonaire obstructive chronique<\/a><\/li>\n<\/ul>\n<h2>O<\/h2>\n<ul>\n<li><a href=\"https:\/\/hemppedia.org\/fr\/cbd-contre-losteoporose\/\" target=\"_blank\" rel=\"noopener\">Ost\u00e9oporose<\/a><\/li>\n<\/ul>\n<p><\/div><div class=\"column col-third\"><\/p>\n<h2>P<\/h2>\n<ul>\n<li><a href=\"https:\/\/hemppedia.org\/fr\/cbd-parkinson\/\" target=\"_blank\" rel=\"noopener\">Parkinson<\/a><\/li>\n<li><a href=\"https:\/\/hemppedia.org\/fr\/cbd-contre-larthrite-rhumatoide\/\" target=\"_blank\" rel=\"noopener\">Polyarthrite rhumato\u00efde<\/a><\/li>\n<li><a href=\"https:\/\/hemppedia.org\/fr\/cbd-contre-le-psoriasis\/\" target=\"_blank\" rel=\"noopener\">Psoriasis<\/a><\/li>\n<li><a href=\"https:\/\/hemppedia.org\/fr\/cbd-pour-la-peau-usage-externe\/\" target=\"_blank\" rel=\"noopener\">Probl\u00e8mes de peau<\/a><\/li>\n<li><a href=\"https:\/\/hemppedia.org\/fr\/cbd-contre-la-porphyrie\/\" target=\"_blank\" rel=\"noopener\">Porphyrie<\/a><\/li>\n<\/ul>\n<h2>S<\/h2>\n<ul>\n<li><a href=\"https:\/\/hemppedia.org\/fr\/cbd-contre-la-sla-sclerose-laterale-amyotrophique\/\" target=\"_blank\" rel=\"noopener\">SLA<\/a><\/li>\n<li><a href=\"https:\/\/hemppedia.org\/fr\/cbd-pour-le-sspt-syndrome-du-stress-post-traumatique\/\" target=\"_blank\" rel=\"noopener\">SSPT ( Syndrome du stress post-traumatique)<\/a><\/li>\n<li><a href=\"https:\/\/hemppedia.org\/fr\/cbd-contre-la-sclerose-en-plaques\/\" target=\"_blank\" rel=\"noopener\">Scl\u00e9rose en plaques<\/a><\/li>\n<li><a href=\"https:\/\/hemppedia.org\/fr\/cbd-pour-lanxiete\/\" target=\"_blank\" rel=\"noopener\">Stress<\/a><\/li>\n<li><a href=\"https:\/\/hemppedia.org\/fr\/cbd-et-systeme-cardiovasculaire\/\" target=\"_blank\" rel=\"noopener\">Syst\u00e8me cardiovasculaire<\/a><\/li>\n<li><a href=\"https:\/\/hemppedia.org\/fr\/cbd-contre-le-syndrome-premenstruel\/\" target=\"_blank\" rel=\"noopener\">Syndrome pr\u00e9menstruel<\/a><\/li>\n<li><a href=\"https:\/\/hemppedia.org\/fr\/cbd-contre-le-syndrome-des-jambes-sans-repos\/\" target=\"_blank\" rel=\"noopener\">Syndrome des jambes sans repos<\/a><\/li>\n<\/ul>\n<h2>T<\/h2>\n<ul>\n<li><a href=\"https:\/\/hemppedia.org\/fr\/cbd-contre-linsomnie\/\" target=\"_blank\" rel=\"noopener\">Troubles du sommeil<\/a><\/li>\n<li><a href=\"https:\/\/hemppedia.org\/fr\/cbd-pour-lautisme\/\" target=\"_blank\" rel=\"noopener\">Troubles du spectre de l&#8217;autisme<\/a><\/li>\n<li><a href=\"https:\/\/hemppedia.org\/fr\/cbd-contre-le-trouble-temporo-mandibulaire\/\" target=\"_blank\" rel=\"noopener\">Trouble de l&#8217;articulation temporo-mandibulaire<\/a><\/li>\n<li><a href=\"https:\/\/hemppedia.org\/fr\/cbd-pour-le-tda-et-le-tdah\/\" target=\"_blank\" rel=\"noopener\">TDA et TDAH<\/a><\/li>\n<li><a href=\"https:\/\/hemppedia.org\/fr\/cbd-contre-le-tremblement-essentiel\/\" target=\"_blank\" rel=\"noopener\">Tremblement essentiel<\/a><\/li>\n<li><a href=\"https:\/\/hemppedia.org\/fr\/cbd-contre-les-troubles-de-la-thyroide\/\" target=\"_blank\" rel=\"noopener\">Troubles de la thyro\u00efde&nbsp;<\/a><\/li>\n<\/ul>\n<p><\/div><\/div>\n","protected":false},"excerpt":{"rendered":"<p>Ces derni\u00e8res ann\u00e9es, les recherches scientifiques ont permis de conclure que le CBD est efficace pour le traitement de nombreux probl\u00e8mes de sant\u00e9 et maladies. Apr\u00e8s l&#8217;\u00e9tude d&#8217;une centaines d&#8217;articles de recherche et d&#8217;articles scientifiques, nous avons pu dresser la liste suivante des probl\u00e8mes de sant\u00e9 qui ont ou aurait une r\u00e9action positive \u00e0 l&#8217;utilisation [&hellip;]<\/p>\n","protected":false},"author":1,"featured_media":0,"parent":0,"menu_order":0,"comment_status":"closed","ping_status":"closed","template":"","meta":{"_lmt_disableupdate":"no","_lmt_disable":"","footnotes":""},"acf":[],"_links":{"self":[{"href":"https:\/\/old.hemppedia.org\/fr\/wp-json\/wp\/v2\/pages\/89314"}],"collection":[{"href":"https:\/\/old.hemppedia.org\/fr\/wp-json\/wp\/v2\/pages"}],"about":[{"href":"https:\/\/old.hemppedia.org\/fr\/wp-json\/wp\/v2\/types\/page"}],"author":[{"embeddable":true,"href":"https:\/\/old.hemppedia.org\/fr\/wp-json\/wp\/v2\/users\/1"}],"replies":[{"embeddable":true,"href":"https:\/\/old.hemppedia.org\/fr\/wp-json\/wp\/v2\/comments?post=89314"}],"version-history":[{"count":0,"href":"https:\/\/old.hemppedia.org\/fr\/wp-json\/wp\/v2\/pages\/89314\/revisions"}],"wp:attachment":[{"href":"https:\/\/old.hemppedia.org\/fr\/wp-json\/wp\/v2\/media?parent=89314"}],"curies":[{"name":"wp","href":"https:\/\/api.w.org\/{rel}","templated":true}]}}