{"id":105403,"date":"2021-06-01T14:20:52","date_gmt":"2021-06-01T12:20:52","guid":{"rendered":"https:\/\/hemppedia.org\/chi-siamo\/"},"modified":"2021-06-01T14:20:53","modified_gmt":"2021-06-01T12:20:53","slug":"chi-siamo","status":"publish","type":"page","link":"https:\/\/old.hemppedia.org\/it\/chi-siamo\/","title":{"rendered":"Chi siamo"},"content":{"rendered":"\n<p>Hemppedia \u00e8 una rivista online non-profit con sede in Europa. La visione dietro questa iniziativa \u00e8 quella di creare consapevolezza e sostenere le varie propriet\u00e0 terapeutiche della pianta di cannabis e dei suoi composti. <\/p>\n\n<p>Persone di tutti i tipi di settori traggono beneficio dalla consultazione di Hemppedia. Essi includono i consumatori di Cannabis, le persone che cercano medicine a base di piante per il sollievo da condizioni mediche, gli studenti che studiano il CBD, i ricercatori, i giornalisti, i professionisti, e altro ancora.<\/p>\n\n<p>La rivista Hemppedia \u00e8 molto facile da consultare. Ha quattro diverse sezioni che coprono FAQ, CBD-Generale, Problemi e patologie, e testimonianze sul CBD. Argomenti scelti con cura e ben documentati vengono discussi in ogni segmento che fornisce informazioni di qualit\u00e0.<\/p>\n\n<p>Gli articoli sono scritti da professionisti del settore e prendono riferimenti da pubblicazioni accademiche e articoli accademici per discutere le varie potenziali propriet\u00e0 terapeutiche della cannabis.<\/p>\n\n<p>Con questo crescente corpus di informazioni e conoscenze, Hemppedia vuole fa s\u00ec che i lettori siano in grado di prendere decisioni supportate da valide informazioni.<\/p>\n","protected":false},"excerpt":{"rendered":"<p>Hemppedia \u00e8 una rivista online non-profit con sede in Europa. La visione dietro questa iniziativa \u00e8 quella di creare consapevolezza e sostenere le varie propriet\u00e0 terapeutiche della pianta di cannabis e dei suoi composti. Persone di tutti i tipi di settori traggono beneficio dalla consultazione di Hemppedia. Essi includono i consumatori di Cannabis, le persone [&hellip;]<\/p>\n","protected":false},"author":19,"featured_media":0,"parent":0,"menu_order":0,"comment_status":"closed","ping_status":"closed","template":"","meta":{"_lmt_disableupdate":"","_lmt_disable":"","footnotes":""},"acf":[],"_links":{"self":[{"href":"https:\/\/old.hemppedia.org\/it\/wp-json\/wp\/v2\/pages\/105403"}],"collection":[{"href":"https:\/\/old.hemppedia.org\/it\/wp-json\/wp\/v2\/pages"}],"about":[{"href":"https:\/\/old.hemppedia.org\/it\/wp-json\/wp\/v2\/types\/page"}],"author":[{"embeddable":true,"href":"https:\/\/old.hemppedia.org\/it\/wp-json\/wp\/v2\/users\/19"}],"replies":[{"embeddable":true,"href":"https:\/\/old.hemppedia.org\/it\/wp-json\/wp\/v2\/comments?post=105403"}],"version-history":[{"count":0,"href":"https:\/\/old.hemppedia.org\/it\/wp-json\/wp\/v2\/pages\/105403\/revisions"}],"wp:attachment":[{"href":"https:\/\/old.hemppedia.org\/it\/wp-json\/wp\/v2\/media?parent=105403"}],"curies":[{"name":"wp","href":"https:\/\/api.w.org\/{rel}","templated":true}]}}