{"id":88551,"date":"2020-01-24T13:53:41","date_gmt":"2020-01-24T13:53:41","guid":{"rendered":"https:\/\/hemppedia.org\/oswiadczenie\/"},"modified":"2020-01-29T10:15:08","modified_gmt":"2020-01-29T10:15:08","slug":"oswiadczenie","status":"publish","type":"page","link":"https:\/\/old.hemppedia.org\/pl\/oswiadczenie\/","title":{"rendered":"O\u015bwiadczenie"},"content":{"rendered":"\n<p>Hemppedia i nasi autorzy nie ponosz\u0105 \u017cadnej odpowiedzialno\u015bci za jakiekolwiek niedogodno\u015bci lub szkody wynikaj\u0105ce z wykorzystania przedstawionych tu informacji.<\/p>\n\n\n\n<p>Nasze teksty w \u017caden spos\u00f3b nie zast\u0119puj\u0105 profesjonalnej porady lekarza lub farmaceuty i nie mog\u0105 by\u0107 wykorzystywane jako podstawa do samodzielnej diagnozy, rozpocz\u0119cia, modyfikacji lub zako\u0144czenia leczenia chor\u00f3b. W przypadku pyta\u0144 lub dolegliwo\u015bci zdrowotnych zawsze konsultuj si\u0119 z lekarzem.<\/p>\n\n\n\n<p>Wolno dost\u0119pne tre\u015bci na tej stronie zosta\u0142y stworzone z najwi\u0119ksz\u0105 staranno\u015bci\u0105 i s\u0142u\u017c\u0105 wy\u0142\u0105cznie celom informacyjnym. Jednak\u017ce dostawca tej strony internetowej nie ponosi odpowiedzialno\u015bci za prawid\u0142owo\u015b\u0107, aktualno\u015b\u0107 i kompletno\u015b\u0107 udost\u0119pnionych tekst\u00f3w i tre\u015bci. Nie stanowi\u0105 one rekomendacji opisanych lub wymienionych metod diagnostycznych, zabieg\u00f3w lub lek\u00f3w i nie maj\u0105 na celu reklamy.<\/p>\n","protected":false},"excerpt":{"rendered":"<p>Hemppedia i nasi autorzy nie ponosz\u0105 \u017cadnej odpowiedzialno\u015bci za jakiekolwiek niedogodno\u015bci lub szkody wynikaj\u0105ce z wykorzystania przedstawionych tu informacji. Nasze teksty w \u017caden spos\u00f3b nie zast\u0119puj\u0105 profesjonalnej porady lekarza lub farmaceuty i nie mog\u0105 by\u0107 wykorzystywane jako podstawa do samodzielnej diagnozy, rozpocz\u0119cia, modyfikacji lub zako\u0144czenia leczenia chor\u00f3b. W przypadku pyta\u0144 lub dolegliwo\u015bci zdrowotnych zawsze konsultuj [&hellip;]<\/p>\n","protected":false},"author":1,"featured_media":0,"parent":0,"menu_order":0,"comment_status":"closed","ping_status":"closed","template":"","meta":{"_lmt_disableupdate":"no","_lmt_disable":"","footnotes":""},"acf":[],"_links":{"self":[{"href":"https:\/\/old.hemppedia.org\/pl\/wp-json\/wp\/v2\/pages\/88551"}],"collection":[{"href":"https:\/\/old.hemppedia.org\/pl\/wp-json\/wp\/v2\/pages"}],"about":[{"href":"https:\/\/old.hemppedia.org\/pl\/wp-json\/wp\/v2\/types\/page"}],"author":[{"embeddable":true,"href":"https:\/\/old.hemppedia.org\/pl\/wp-json\/wp\/v2\/users\/1"}],"replies":[{"embeddable":true,"href":"https:\/\/old.hemppedia.org\/pl\/wp-json\/wp\/v2\/comments?post=88551"}],"version-history":[{"count":0,"href":"https:\/\/old.hemppedia.org\/pl\/wp-json\/wp\/v2\/pages\/88551\/revisions"}],"wp:attachment":[{"href":"https:\/\/old.hemppedia.org\/pl\/wp-json\/wp\/v2\/media?parent=88551"}],"curies":[{"name":"wp","href":"https:\/\/api.w.org\/{rel}","templated":true}]}}