{"id":92024,"date":"2019-12-02T17:54:41","date_gmt":"2019-12-02T17:54:41","guid":{"rendered":"https:\/\/hemppedia.org\/aviso-de-responsabilidade-geral\/"},"modified":"2019-12-02T17:54:41","modified_gmt":"2019-12-02T17:54:41","slug":"aviso-de-responsabilidade-geral","status":"publish","type":"page","link":"https:\/\/old.hemppedia.org\/pt\/aviso-de-responsabilidade-geral\/","title":{"rendered":"Aviso de Responsabilidade Geral"},"content":{"rendered":"\n<p>A Hemppedia e os nossos autores n\u00e3o se responsabilizam por quaisquer inconvenientes ou danos resultantes da utiliza\u00e7\u00e3o das informa\u00e7\u00f5es aqui apresentadas. <\/p>\n\n\n\n<p>Os conte\u00fados livremente acess\u00edveis deste website foram criados com o maior cuidado poss\u00edvel e servem exclusivamente para fins informativos sobre o assunto. No entanto, o fornecedor deste website n\u00e3o assume qualquer responsabilidade pela exactid\u00e3o, actualidade e integridade dos textos e conte\u00fados fornecidos. Eles n\u00e3o representam uma recomenda\u00e7\u00e3o dos m\u00e9todos de diagn\u00f3stico, tratamentos ou medicamentos descritos ou mencionados e n\u00e3o se destinam a servir como publicidade. <\/p>\n\n\n\n<p>Os nossos textos n\u00e3o substituem de forma alguma o aconselhamento profissional de um m\u00e9dico ou farmac\u00eautico e n\u00e3o podem ser utilizados como base para um diagn\u00f3stico independente e para o in\u00edcio, modifica\u00e7\u00e3o ou cessa\u00e7\u00e3o do tratamento de doen\u00e7as. Se tiver quest\u00f5es de sa\u00fade ou queixas, consulte sempre um m\u00e9dico de confian\u00e7a! <\/p>\n","protected":false},"excerpt":{"rendered":"<p>A Hemppedia e os nossos autores n\u00e3o se responsabilizam por quaisquer inconvenientes ou danos resultantes da utiliza\u00e7\u00e3o das informa\u00e7\u00f5es aqui apresentadas. Os conte\u00fados livremente acess\u00edveis deste website foram criados com o maior cuidado poss\u00edvel e servem exclusivamente para fins informativos sobre o assunto. No entanto, o fornecedor deste website n\u00e3o assume qualquer responsabilidade pela exactid\u00e3o, [&hellip;]<\/p>\n","protected":false},"author":1,"featured_media":0,"parent":0,"menu_order":0,"comment_status":"closed","ping_status":"closed","template":"","meta":{"_lmt_disableupdate":"","_lmt_disable":"","footnotes":""},"acf":[],"_links":{"self":[{"href":"https:\/\/old.hemppedia.org\/pt\/wp-json\/wp\/v2\/pages\/92024"}],"collection":[{"href":"https:\/\/old.hemppedia.org\/pt\/wp-json\/wp\/v2\/pages"}],"about":[{"href":"https:\/\/old.hemppedia.org\/pt\/wp-json\/wp\/v2\/types\/page"}],"author":[{"embeddable":true,"href":"https:\/\/old.hemppedia.org\/pt\/wp-json\/wp\/v2\/users\/1"}],"replies":[{"embeddable":true,"href":"https:\/\/old.hemppedia.org\/pt\/wp-json\/wp\/v2\/comments?post=92024"}],"version-history":[{"count":0,"href":"https:\/\/old.hemppedia.org\/pt\/wp-json\/wp\/v2\/pages\/92024\/revisions"}],"wp:attachment":[{"href":"https:\/\/old.hemppedia.org\/pt\/wp-json\/wp\/v2\/media?parent=92024"}],"curies":[{"name":"wp","href":"https:\/\/api.w.org\/{rel}","templated":true}]}}