{"id":105395,"date":"2021-06-01T12:30:41","date_gmt":"2021-06-01T10:30:41","guid":{"rendered":"https:\/\/hemppedia.org\/om-oss\/"},"modified":"2021-06-01T12:44:15","modified_gmt":"2021-06-01T10:44:15","slug":"om-oss","status":"publish","type":"page","link":"https:\/\/old.hemppedia.org\/sv\/om-oss\/","title":{"rendered":"Om oss"},"content":{"rendered":"\n<p>Hemppedia \u00e4r en non-profit n\u00e4ttidning baserad i Europa. Visionen bakom detta initiativ \u00e4r att skapa medvetenhet om och f\u00f6respr\u00e5ka de olika medicinska och terapeutiska egenskaperna hos cannabisv\u00e4xten och dess \u00e4mnen. <\/p>\n\n<p>Olika delar av samh\u00e4llet drar nytta av att h\u00e4nvisa till Hemppedia. De inkluderar cannabisanv\u00e4ndare, m\u00e4nniskor som s\u00f6ker v\u00e4xtbaserade l\u00e4kemedel f\u00f6r att lindra medicinska problem, studenter som studerar om CBD, forskare, journalister, professionella med flera.<\/p>\n\n<p>Tidningen Hemppedia \u00e4r otrolig anv\u00e4ndarv\u00e4nlig. Den har fyra olika avsnitt som t\u00e4cker FAQ, tillst\u00e5nd och sjukdomar samt CBD-historier fr\u00e5n riktiga CBD-anv\u00e4ndare. Handplockade och v\u00e4l unders\u00f6kta \u00e4mnen diskuteras under varje avsnitt som ger kvalitativ och relevant information.<\/p>\n\n<p>Artiklarna \u00e4r f\u00f6rfattade av professionella personer fr\u00e5n CBD-branschen och tar referenser fr\u00e5n akademiska publikationer och vetenskapliga artiklar f\u00f6r att diskutera de olika potentiella terapeutiska egenskaperna f\u00f6r cannabis.<\/p>\n\n<p>Med denna v\u00e4xande m\u00e4ngd information och kunskap rekommenderar Hemppedia l\u00e4sarna att fatta v\u00e4lgrundade beslut.<\/p>\n","protected":false},"excerpt":{"rendered":"<p>Hemppedia \u00e4r en non-profit n\u00e4ttidning baserad i Europa. Visionen bakom detta initiativ \u00e4r att skapa medvetenhet om och f\u00f6respr\u00e5ka de olika medicinska och terapeutiska egenskaperna hos cannabisv\u00e4xten och dess \u00e4mnen. Olika delar av samh\u00e4llet drar nytta av att h\u00e4nvisa till Hemppedia. De inkluderar cannabisanv\u00e4ndare, m\u00e4nniskor som s\u00f6ker v\u00e4xtbaserade l\u00e4kemedel f\u00f6r att lindra medicinska problem, studenter [&hellip;]<\/p>\n","protected":false},"author":19,"featured_media":0,"parent":0,"menu_order":0,"comment_status":"closed","ping_status":"closed","template":"","meta":{"_lmt_disableupdate":"","_lmt_disable":"","footnotes":""},"acf":[],"_links":{"self":[{"href":"https:\/\/old.hemppedia.org\/sv\/wp-json\/wp\/v2\/pages\/105395"}],"collection":[{"href":"https:\/\/old.hemppedia.org\/sv\/wp-json\/wp\/v2\/pages"}],"about":[{"href":"https:\/\/old.hemppedia.org\/sv\/wp-json\/wp\/v2\/types\/page"}],"author":[{"embeddable":true,"href":"https:\/\/old.hemppedia.org\/sv\/wp-json\/wp\/v2\/users\/19"}],"replies":[{"embeddable":true,"href":"https:\/\/old.hemppedia.org\/sv\/wp-json\/wp\/v2\/comments?post=105395"}],"version-history":[{"count":0,"href":"https:\/\/old.hemppedia.org\/sv\/wp-json\/wp\/v2\/pages\/105395\/revisions"}],"wp:attachment":[{"href":"https:\/\/old.hemppedia.org\/sv\/wp-json\/wp\/v2\/media?parent=105395"}],"curies":[{"name":"wp","href":"https:\/\/api.w.org\/{rel}","templated":true}]}}