{"id":78782,"date":"2019-12-02T17:49:52","date_gmt":"2019-12-02T17:49:52","guid":{"rendered":"https:\/\/hemppedia.org\/allman-disclaimer\/"},"modified":"2020-02-20T13:10:00","modified_gmt":"2020-02-20T13:10:00","slug":"allman-disclaimer","status":"publish","type":"page","link":"https:\/\/old.hemppedia.org\/sv\/allman-disclaimer\/","title":{"rendered":"Allm\u00e4n Disclaimer"},"content":{"rendered":"\n<p>Hemppedia och v\u00e5ra skribenter tar inget ansvar f\u00f6r eventuella ol\u00e4genheter eller skador som uppst\u00e5r p\u00e5 grund av anv\u00e4ndningen av den information som presenteras p\u00e5 v\u00e5r webbplats. V\u00e5ra texter ers\u00e4tter inte p\u00e5 n\u00e5got s\u00e4tt professionell r\u00e5dgivning fr\u00e5n en l\u00e4kare eller farmaceut, och f\u00e5r inte anv\u00e4ndas som grund f\u00f6r sj\u00e4lvdiagnosering och p\u00e5b\u00f6rjande, modifiering eller avslutande av behandling av sjukdomar. Om du har h\u00e4lsorelaterade fr\u00e5gor eller klagom\u00e5l, kontakta alltid din l\u00e4kare.<\/p>\n\n\n\n<p>Det fritt tillg\u00e4ngliga inneh\u00e5llet p\u00e5 denna webbplats har skapats med st\u00f6rsta m\u00f6jliga omsorg och f\u00f6rses uteslutande i informativt syfte. Leverant\u00f6ren av denna webbplats tar dock inget ansvar f\u00f6r noggrannheten, aktualiteten och fullst\u00e4ndigheten av de texter och inneh\u00e5ll som tillhandah\u00e5lls. De representerar inte en rekommendation f\u00f6r de diagnostiska metoder, behandlingar eller l\u00e4kemedel som beskrivs eller n\u00e4mns, och \u00e4r inte avsedda att fungera som reklam.<\/p>\n\n\n\n<p>Hemppedia fr\u00e5ns\u00e4ger sig allt ansvar f\u00f6r fel, extra kostnader eller lagliga tvister som kan uppst\u00e5 efter k\u00f6p eller vid felaktig anv\u00e4ndning av v\u00e5ra produkter. Det \u00e4r k\u00f6parens ansvar att kontrollera information, laglighet och konsekvenser f\u00f6re k\u00f6p och vid anv\u00e4ndning av v\u00e5ra produkter eller tj\u00e4nster i det land du k\u00f6per fr\u00e5n. Alla produkter som erbjuds p\u00e5 v\u00e5r webbplats \u00e4r till\u00e5tna enligt lag i Tyskland och f\u00f6ljer EU-lagar.<\/p>\n","protected":false},"excerpt":{"rendered":"<p>Hemppedia och v\u00e5ra skribenter tar inget ansvar f\u00f6r eventuella ol\u00e4genheter eller skador som uppst\u00e5r p\u00e5 grund av anv\u00e4ndningen av den information som presenteras p\u00e5 v\u00e5r webbplats. V\u00e5ra texter ers\u00e4tter inte p\u00e5 n\u00e5got s\u00e4tt professionell r\u00e5dgivning fr\u00e5n en l\u00e4kare eller farmaceut, och f\u00e5r inte anv\u00e4ndas som grund f\u00f6r sj\u00e4lvdiagnosering och p\u00e5b\u00f6rjande, modifiering eller avslutande av behandling [&hellip;]<\/p>\n","protected":false},"author":1,"featured_media":0,"parent":0,"menu_order":0,"comment_status":"closed","ping_status":"closed","template":"","meta":{"_lmt_disableupdate":"no","_lmt_disable":"","footnotes":""},"acf":[],"_links":{"self":[{"href":"https:\/\/old.hemppedia.org\/sv\/wp-json\/wp\/v2\/pages\/78782"}],"collection":[{"href":"https:\/\/old.hemppedia.org\/sv\/wp-json\/wp\/v2\/pages"}],"about":[{"href":"https:\/\/old.hemppedia.org\/sv\/wp-json\/wp\/v2\/types\/page"}],"author":[{"embeddable":true,"href":"https:\/\/old.hemppedia.org\/sv\/wp-json\/wp\/v2\/users\/1"}],"replies":[{"embeddable":true,"href":"https:\/\/old.hemppedia.org\/sv\/wp-json\/wp\/v2\/comments?post=78782"}],"version-history":[{"count":0,"href":"https:\/\/old.hemppedia.org\/sv\/wp-json\/wp\/v2\/pages\/78782\/revisions"}],"wp:attachment":[{"href":"https:\/\/old.hemppedia.org\/sv\/wp-json\/wp\/v2\/media?parent=78782"}],"curies":[{"name":"wp","href":"https:\/\/api.w.org\/{rel}","templated":true}]}}